{"id":2548,"date":"2019-01-22T07:44:56","date_gmt":"2019-01-22T06:44:56","guid":{"rendered":"http:\/\/dahlstroms.nu\/?page_id=2548"},"modified":"2021-01-11T15:15:26","modified_gmt":"2021-01-11T14:15:26","slug":"socialt-ansvarstagande","status":"publish","type":"page","link":"https:\/\/dahlstroms.nu\/?page_id=2548","title":{"rendered":"Socialt ansvarstagande"},"content":{"rendered":"\n<div class=\"wp-block-columns\">\n<div class=\"wp-block-column\" style=\"flex-basis:70%\">\n<div class=\"wp-block-group\"><div class=\"wp-block-group__inner-container\">\n<p>Verksamheten skall bedrivas i enlighet med g\u00e4llande lagar, f\u00f6rordningar och f\u00f6reskrifter. Vi skall f\u00f6lja god aff\u00e4rsetik och bidra till en positiv och h\u00e5llbar samh\u00e4llsutveckling<\/p>\n\n\n\n<h5>Vi skall:<\/h5>\n\n\n\n<ul><li>Se till att relationer med kunder, leverant\u00f6rer och andra intressenter \u00e4r korrekta och aff\u00e4rsm\u00e4ssiga.<\/li><li>F\u00f6lja och respektera ing\u00e5ngna avtal och \u00f6verenskommelser.<\/li><li>Erbjuda trygga och avtalsenliga anst\u00e4llningsvillkor.<\/li><li>Motarbeta korruption och fusk i alla sammanhang.<\/li><li>Visa h\u00e4nsyn till m\u00e4nniskor och natur<\/li><\/ul>\n<\/div><\/div>\n<\/div>\n\n\n\n<div class=\"wp-block-column\" style=\"flex-basis:30%\"><\/div>\n<\/div>\n","protected":false},"excerpt":{"rendered":"","protected":false},"author":2,"featured_media":0,"parent":0,"menu_order":0,"comment_status":"closed","ping_status":"closed","template":"","meta":[],"_links":{"self":[{"href":"https:\/\/dahlstroms.nu\/index.php?rest_route=\/wp\/v2\/pages\/2548"}],"collection":[{"href":"https:\/\/dahlstroms.nu\/index.php?rest_route=\/wp\/v2\/pages"}],"about":[{"href":"https:\/\/dahlstroms.nu\/index.php?rest_route=\/wp\/v2\/types\/page"}],"author":[{"embeddable":true,"href":"https:\/\/dahlstroms.nu\/index.php?rest_route=\/wp\/v2\/users\/2"}],"replies":[{"embeddable":true,"href":"https:\/\/dahlstroms.nu\/index.php?rest_route=%2Fwp%2Fv2%2Fcomments&post=2548"}],"version-history":[{"count":10,"href":"https:\/\/dahlstroms.nu\/index.php?rest_route=\/wp\/v2\/pages\/2548\/revisions"}],"predecessor-version":[{"id":2775,"href":"https:\/\/dahlstroms.nu\/index.php?rest_route=\/wp\/v2\/pages\/2548\/revisions\/2775"}],"wp:attachment":[{"href":"https:\/\/dahlstroms.nu\/index.php?rest_route=%2Fwp%2Fv2%2Fmedia&parent=2548"}],"curies":[{"name":"wp","href":"https:\/\/api.w.org\/{rel}","templated":true}]}}