{"id":2542,"date":"2019-01-22T07:17:36","date_gmt":"2019-01-22T06:17:36","guid":{"rendered":"http:\/\/dahlstroms.nu\/?page_id=2542"},"modified":"2021-01-11T15:00:40","modified_gmt":"2021-01-11T14:00:40","slug":"brandskyddspolicy","status":"publish","type":"page","link":"https:\/\/dahlstroms.nu\/?page_id=2542","title":{"rendered":"Brandskyddspolicy"},"content":{"rendered":"\n<div class=\"wp-block-columns\">\n<div class=\"wp-block-column\" style=\"flex-basis:70%\">\n<div style=\"height:25px\" aria-hidden=\"true\" class=\"wp-block-spacer\"><\/div>\n\n\n\n<p>Br\u00e4nder inneb\u00e4r en stor risk f\u00f6r allvarliga skador p\u00e5 m\u00e4nniskor och egendom. Vi skall d\u00e4rf\u00f6r i f\u00f6rsta hand minska risken f\u00f6r att br\u00e4nder uppkommer genom ett aktivt f\u00f6rebyggande arbete. I andra hand skall vi vidta \u00e5tg\u00e4rder som minskar risken f\u00f6r spridning och skador p\u00e5 liv och egendom om brand skulle uppst\u00e5.<\/p>\n\n\n\n<p><\/p>\n\n\n\n<div style=\"height:25px\" aria-hidden=\"true\" class=\"wp-block-spacer\"><\/div>\n\n\n\n<h5>Vi ska:<\/h5>\n\n\n\n<ul><li>Bedriva ett systematiskt brandskyddsarbete.<\/li><li>Regelbundet genomf\u00f6ra brandskyddsronder.<\/li><li>Regelbundet genomf\u00f6ra utrymnings\u00f6vning.<\/li><li>Se till att v\u00e5r personal har erforderlig utbildning inom brandskydd och hetarbete.<\/li><li>Ha en n\u00f6dl\u00e4gesplan som \u00e4r tillg\u00e4nglig f\u00f6r personalen<\/li><\/ul>\n<\/div>\n\n\n\n<div class=\"wp-block-column\" style=\"flex-basis:30%\"><\/div>\n<\/div>\n\n\n\n<p><\/p>\n","protected":false},"excerpt":{"rendered":"<p>Br\u00e4nder inneb\u00e4r en stor risk f\u00f6r allvarliga skador p\u00e5 m\u00e4nniskor och egendom. Vi skall d\u00e4rf\u00f6r i f\u00f6rsta hand minska risken f\u00f6r att br\u00e4nder uppkommer genom ett aktivt f\u00f6rebyggande arbete. I andra hand skall vi vidta \u00e5tg\u00e4rder som minskar risken f\u00f6r spridning och skador p\u00e5 liv och egendom om brand skulle uppst\u00e5. Vi ska: Bedriva ett &hellip;<\/p>\n<p class=\"read-more\"> <a class=\"\" href=\"https:\/\/dahlstroms.nu\/?page_id=2542\"> <span class=\"screen-reader-text\">Brandskyddspolicy<\/span> L\u00e4s mer &raquo;<\/a><\/p>\n","protected":false},"author":2,"featured_media":0,"parent":0,"menu_order":0,"comment_status":"closed","ping_status":"closed","template":"","meta":[],"_links":{"self":[{"href":"https:\/\/dahlstroms.nu\/index.php?rest_route=\/wp\/v2\/pages\/2542"}],"collection":[{"href":"https:\/\/dahlstroms.nu\/index.php?rest_route=\/wp\/v2\/pages"}],"about":[{"href":"https:\/\/dahlstroms.nu\/index.php?rest_route=\/wp\/v2\/types\/page"}],"author":[{"embeddable":true,"href":"https:\/\/dahlstroms.nu\/index.php?rest_route=\/wp\/v2\/users\/2"}],"replies":[{"embeddable":true,"href":"https:\/\/dahlstroms.nu\/index.php?rest_route=%2Fwp%2Fv2%2Fcomments&post=2542"}],"version-history":[{"count":8,"href":"https:\/\/dahlstroms.nu\/index.php?rest_route=\/wp\/v2\/pages\/2542\/revisions"}],"predecessor-version":[{"id":2761,"href":"https:\/\/dahlstroms.nu\/index.php?rest_route=\/wp\/v2\/pages\/2542\/revisions\/2761"}],"wp:attachment":[{"href":"https:\/\/dahlstroms.nu\/index.php?rest_route=%2Fwp%2Fv2%2Fmedia&parent=2542"}],"curies":[{"name":"wp","href":"https:\/\/api.w.org\/{rel}","templated":true}]}}