{"id":210,"date":"2012-08-27T13:28:43","date_gmt":"2012-08-27T13:28:43","guid":{"rendered":"http:\/\/dahlstrom.buster.se\/?page_id=210"},"modified":"2025-01-31T12:34:20","modified_gmt":"2025-01-31T11:34:20","slug":"om-oss","status":"publish","type":"page","link":"https:\/\/dahlstroms.nu\/?page_id=210","title":{"rendered":"Om oss"},"content":{"rendered":"\n<div class=\"wp-block-columns alignfull is-style-default\">\n<div class=\"wp-block-column\" style=\"flex-basis:100%\">\n<div class=\"wp-block-columns\">\n<div class=\"wp-block-column\" style=\"flex-basis:100%\">\n<div class=\"wp-block-columns\">\n<div class=\"wp-block-column\">\n<p class=\"has-drop-cap has-text-align-left has-normal-font-size\">Br\u00f6derna Peter och Lars Dahlstr\u00f6m startade Dahlstr\u00f6ms tillsammans med pappa Urban \u00e5r 1990. Idag driver Peter, Lars och syster Gunilla Dahlstr\u00f6ms Entreprenad AB. De f\u00f6rsta uppdragen f\u00f6r 35 \u00e5r sedan var gr\u00e4sklippning och sn\u00f6r\u00f6jning f\u00f6r kommunala f\u00f6rvaltningar i G\u00f6teborg, M\u00f6lndal och Kung\u00e4lv. Den h\u00f6ga serviceniv\u00e5n genererade nya uppdrag, b\u00e5de f\u00f6r de som redan var kunder och fr\u00e5n privata fastighets\u00e4gare s\u00e5som Skandia, Jones Lang La Salle m fl som blev nya kunder.<\/p>\n\n\n\n<p>\u00c5r 2025 \u00e4r vi p\u00e5 Dahlstr\u00f6ms Entreprenad AB 13 medarbetare som erbjuder helhetsl\u00f6sningar f\u00f6r f\u00f6rvaltning av utemilj\u00f6er \u00e5ret runt. Vi utf\u00f6r reparationer och anl\u00e4ggningsarbeten som t ex lekplatser, dr\u00e4neringar, parkeringar och belysning. F\u00f6r att kunna h\u00e5lla en h\u00f6g serviceniv\u00e5 har vi egna maskiner och egen personal. Vi har maskiner f\u00f6r anl\u00e4ggning och sk\u00f6tsel: kranbil, hjullastare, gr\u00e4vare, gr\u00e4sklippare, l\u00f6vbl\u00e5s\u2026 och anl\u00e4ggare och parkarbetare med erforderlig erfarenhet och utbildning f\u00f6r anl\u00e4ggning och sk\u00f6tsel och d\u00e4rut\u00f6ver s\u00e4rskild kompetens som t ex lekplatss\u00e4kerhet och stenl\u00e4ggning. V\u00e5ra kunder \u00e4r fastighets\u00e4gare och f\u00f6rvaltare av bost\u00e4der, industrier, kontor, k\u00f6pcentrum och offentliga verksamheter.<\/p>\n<\/div>\n\n\n\n<div class=\"wp-block-column is-vertically-aligned-center\" style=\"flex-basis:40%\">\n<figure class=\"wp-block-gallery columns-0\"><ul class=\"blocks-gallery-grid\"><\/ul><\/figure>\n\n\n\n<p><\/p>\n<\/div>\n<\/div>\n\n\n\n<p><\/p>\n<\/div>\n<\/div>\n\n\n\n<figure class=\"wp-block-gallery alignfull columns-8\"><ul class=\"blocks-gallery-grid\"><li class=\"blocks-gallery-item\"><figure><a href=\"http:\/\/dahlstroms.nu\/wp-content\/uploads\/2012\/05\/StenaFastigheter.jpg\"><img loading=\"lazy\" width=\"450\" height=\"290\" src=\"http:\/\/dahlstroms.nu\/wp-content\/uploads\/2012\/05\/StenaFastigheter.jpg\" alt=\"\" data-id=\"597\" data-full-url=\"http:\/\/dahlstroms.nu\/wp-content\/uploads\/2012\/05\/StenaFastigheter.jpg\" data-link=\"http:\/\/dahlstroms.nu\/?attachment_id=597\" class=\"wp-image-597\" srcset=\"https:\/\/dahlstroms.nu\/wp-content\/uploads\/2012\/05\/StenaFastigheter.jpg 450w, https:\/\/dahlstroms.nu\/wp-content\/uploads\/2012\/05\/StenaFastigheter-300x193.jpg 300w, https:\/\/dahlstroms.nu\/wp-content\/uploads\/2012\/05\/StenaFastigheter-70x45.jpg 70w\" sizes=\"(max-width: 450px) 100vw, 450px\" \/><\/a><\/figure><\/li><li class=\"blocks-gallery-item\"><figure><a href=\"http:\/\/dahlstroms.nu\/wp-content\/uploads\/2021\/01\/skandia-forsakring-logotyp.png\"><img loading=\"lazy\" width=\"2000\" height=\"1000\" src=\"http:\/\/dahlstroms.nu\/wp-content\/uploads\/2021\/01\/skandia-forsakring-logotyp.png\" alt=\"\" data-id=\"2708\" data-full-url=\"http:\/\/dahlstroms.nu\/wp-content\/uploads\/2021\/01\/skandia-forsakring-logotyp.png\" data-link=\"http:\/\/dahlstroms.nu\/?attachment_id=2708\" class=\"wp-image-2708\" srcset=\"https:\/\/dahlstroms.nu\/wp-content\/uploads\/2021\/01\/skandia-forsakring-logotyp.png 2000w, https:\/\/dahlstroms.nu\/wp-content\/uploads\/2021\/01\/skandia-forsakring-logotyp-300x150.png 300w, https:\/\/dahlstroms.nu\/wp-content\/uploads\/2021\/01\/skandia-forsakring-logotyp-1024x512.png 1024w, https:\/\/dahlstroms.nu\/wp-content\/uploads\/2021\/01\/skandia-forsakring-logotyp-768x384.png 768w, https:\/\/dahlstroms.nu\/wp-content\/uploads\/2021\/01\/skandia-forsakring-logotyp-1536x768.png 1536w, https:\/\/dahlstroms.nu\/wp-content\/uploads\/2021\/01\/skandia-forsakring-logotyp-1568x784.png 1568w\" sizes=\"(max-width: 2000px) 100vw, 2000px\" \/><\/a><\/figure><\/li><li class=\"blocks-gallery-item\"><figure><a href=\"http:\/\/dahlstroms.nu\/wp-content\/uploads\/2012\/08\/Platzer.jpg\"><img loading=\"lazy\" width=\"290\" height=\"180\" src=\"http:\/\/dahlstroms.nu\/wp-content\/uploads\/2012\/08\/Platzer.jpg\" alt=\"\" data-id=\"516\" data-full-url=\"http:\/\/dahlstroms.nu\/wp-content\/uploads\/2012\/08\/Platzer.jpg\" data-link=\"http:\/\/dahlstroms.nu\/?attachment_id=516\" class=\"wp-image-516\" srcset=\"https:\/\/dahlstroms.nu\/wp-content\/uploads\/2012\/08\/Platzer.jpg 290w, https:\/\/dahlstroms.nu\/wp-content\/uploads\/2012\/08\/Platzer-390x242.jpg 390w\" sizes=\"(max-width: 290px) 100vw, 290px\" \/><\/a><\/figure><\/li><li class=\"blocks-gallery-item\"><figure><a href=\"http:\/\/dahlstroms.nu\/wp-content\/uploads\/2015\/11\/Bostadsbolaget.jpg\"><img loading=\"lazy\" width=\"842\" height=\"595\" src=\"http:\/\/dahlstroms.nu\/wp-content\/uploads\/2015\/11\/Bostadsbolaget.jpg\" alt=\"\" data-id=\"2352\" data-full-url=\"http:\/\/dahlstroms.nu\/wp-content\/uploads\/2015\/11\/Bostadsbolaget.jpg\" data-link=\"http:\/\/dahlstroms.nu\/?attachment_id=2352\" class=\"wp-image-2352\" srcset=\"https:\/\/dahlstroms.nu\/wp-content\/uploads\/2015\/11\/Bostadsbolaget.jpg 842w, https:\/\/dahlstroms.nu\/wp-content\/uploads\/2015\/11\/Bostadsbolaget-300x212.jpg 300w\" sizes=\"(max-width: 842px) 100vw, 842px\" \/><\/a><\/figure><\/li><li class=\"blocks-gallery-item\"><figure><a href=\"http:\/\/dahlstroms.nu\/wp-content\/uploads\/2012\/05\/GoteborgsStad_Lokal.jpg\"><img loading=\"lazy\" width=\"450\" height=\"290\" src=\"http:\/\/dahlstroms.nu\/wp-content\/uploads\/2012\/05\/GoteborgsStad_Lokal.jpg\" alt=\"\" data-id=\"596\" data-full-url=\"http:\/\/dahlstroms.nu\/wp-content\/uploads\/2012\/05\/GoteborgsStad_Lokal.jpg\" data-link=\"http:\/\/dahlstroms.nu\/?attachment_id=596\" class=\"wp-image-596\" srcset=\"https:\/\/dahlstroms.nu\/wp-content\/uploads\/2012\/05\/GoteborgsStad_Lokal.jpg 450w, https:\/\/dahlstroms.nu\/wp-content\/uploads\/2012\/05\/GoteborgsStad_Lokal-300x193.jpg 300w, https:\/\/dahlstroms.nu\/wp-content\/uploads\/2012\/05\/GoteborgsStad_Lokal-70x45.jpg 70w\" sizes=\"(max-width: 450px) 100vw, 450px\" \/><\/a><\/figure><\/li><li class=\"blocks-gallery-item\"><figure><a href=\"http:\/\/dahlstroms.nu\/wp-content\/uploads\/2012\/05\/Bild-52.png\"><img loading=\"lazy\" width=\"585\" height=\"513\" src=\"http:\/\/dahlstroms.nu\/wp-content\/uploads\/2012\/05\/Bild-52.png\" alt=\"\" data-id=\"1719\" data-full-url=\"http:\/\/dahlstroms.nu\/wp-content\/uploads\/2012\/05\/Bild-52.png\" data-link=\"http:\/\/dahlstroms.nu\/?attachment_id=1719\" class=\"wp-image-1719\" srcset=\"https:\/\/dahlstroms.nu\/wp-content\/uploads\/2012\/05\/Bild-52.png 585w, https:\/\/dahlstroms.nu\/wp-content\/uploads\/2012\/05\/Bild-52-300x263.png 300w\" sizes=\"(max-width: 585px) 100vw, 585px\" \/><\/a><\/figure><\/li><li class=\"blocks-gallery-item\"><figure><a href=\"http:\/\/dahlstroms.nu\/wp-content\/uploads\/2012\/07\/St1.jpg\"><img loading=\"lazy\" width=\"290\" height=\"180\" src=\"http:\/\/dahlstroms.nu\/wp-content\/uploads\/2012\/07\/St1.jpg\" alt=\"\" data-id=\"523\" data-full-url=\"http:\/\/dahlstroms.nu\/wp-content\/uploads\/2012\/07\/St1.jpg\" data-link=\"http:\/\/dahlstroms.nu\/?attachment_id=523\" class=\"wp-image-523\" srcset=\"https:\/\/dahlstroms.nu\/wp-content\/uploads\/2012\/07\/St1.jpg 290w, https:\/\/dahlstroms.nu\/wp-content\/uploads\/2012\/07\/St1-390x242.jpg 390w\" sizes=\"(max-width: 290px) 100vw, 290px\" \/><\/a><\/figure><\/li><li class=\"blocks-gallery-item\"><figure><a href=\"http:\/\/dahlstroms.nu\/wp-content\/uploads\/2012\/08\/KGK.jpg\"><img loading=\"lazy\" width=\"290\" height=\"180\" src=\"http:\/\/dahlstroms.nu\/wp-content\/uploads\/2012\/08\/KGK.jpg\" alt=\"\" data-id=\"502\" data-full-url=\"http:\/\/dahlstroms.nu\/wp-content\/uploads\/2012\/08\/KGK.jpg\" data-link=\"http:\/\/dahlstroms.nu\/?attachment_id=502\" class=\"wp-image-502\" srcset=\"https:\/\/dahlstroms.nu\/wp-content\/uploads\/2012\/08\/KGK.jpg 290w, https:\/\/dahlstroms.nu\/wp-content\/uploads\/2012\/08\/KGK-390x242.jpg 390w\" sizes=\"(max-width: 290px) 100vw, 290px\" \/><\/a><\/figure><\/li><li class=\"blocks-gallery-item\"><figure><a href=\"http:\/\/dahlstroms.nu\/wp-content\/uploads\/2012\/08\/Svenska_Hus.jpg\"><img loading=\"lazy\" width=\"290\" height=\"180\" src=\"http:\/\/dahlstroms.nu\/wp-content\/uploads\/2012\/08\/Svenska_Hus.jpg\" alt=\"\" data-id=\"503\" data-full-url=\"http:\/\/dahlstroms.nu\/wp-content\/uploads\/2012\/08\/Svenska_Hus.jpg\" data-link=\"http:\/\/dahlstroms.nu\/?attachment_id=503\" class=\"wp-image-503\" srcset=\"https:\/\/dahlstroms.nu\/wp-content\/uploads\/2012\/08\/Svenska_Hus.jpg 290w, https:\/\/dahlstroms.nu\/wp-content\/uploads\/2012\/08\/Svenska_Hus-390x242.jpg 390w\" sizes=\"(max-width: 290px) 100vw, 290px\" \/><\/a><\/figure><\/li><li class=\"blocks-gallery-item\"><figure><a href=\"http:\/\/dahlstroms.nu\/wp-content\/uploads\/2012\/08\/Hydroscand.jpg\"><img loading=\"lazy\" width=\"290\" height=\"180\" src=\"http:\/\/dahlstroms.nu\/wp-content\/uploads\/2012\/08\/Hydroscand.jpg\" alt=\"\" data-id=\"513\" data-full-url=\"http:\/\/dahlstroms.nu\/wp-content\/uploads\/2012\/08\/Hydroscand.jpg\" data-link=\"http:\/\/dahlstroms.nu\/?attachment_id=513\" class=\"wp-image-513\" srcset=\"https:\/\/dahlstroms.nu\/wp-content\/uploads\/2012\/08\/Hydroscand.jpg 290w, https:\/\/dahlstroms.nu\/wp-content\/uploads\/2012\/08\/Hydroscand-390x242.jpg 390w\" sizes=\"(max-width: 290px) 100vw, 290px\" \/><\/a><\/figure><\/li><li class=\"blocks-gallery-item\"><figure><a href=\"http:\/\/dahlstroms.nu\/wp-content\/uploads\/2012\/08\/Fortum.jpg\"><img loading=\"lazy\" width=\"290\" height=\"180\" src=\"http:\/\/dahlstroms.nu\/wp-content\/uploads\/2012\/08\/Fortum.jpg\" alt=\"\" data-id=\"512\" data-full-url=\"http:\/\/dahlstroms.nu\/wp-content\/uploads\/2012\/08\/Fortum.jpg\" data-link=\"http:\/\/dahlstroms.nu\/?attachment_id=512\" class=\"wp-image-512\" srcset=\"https:\/\/dahlstroms.nu\/wp-content\/uploads\/2012\/08\/Fortum.jpg 290w, https:\/\/dahlstroms.nu\/wp-content\/uploads\/2012\/08\/Fortum-390x242.jpg 390w\" sizes=\"(max-width: 290px) 100vw, 290px\" \/><\/a><\/figure><\/li><li class=\"blocks-gallery-item\"><figure><a href=\"http:\/\/dahlstroms.nu\/wp-content\/uploads\/2012\/07\/KungalvsKommun.jpg\"><img loading=\"lazy\" width=\"290\" height=\"180\" src=\"http:\/\/dahlstroms.nu\/wp-content\/uploads\/2012\/07\/KungalvsKommun.jpg\" alt=\"\" data-id=\"522\" data-full-url=\"http:\/\/dahlstroms.nu\/wp-content\/uploads\/2012\/07\/KungalvsKommun.jpg\" data-link=\"http:\/\/dahlstroms.nu\/?attachment_id=522\" class=\"wp-image-522\" srcset=\"https:\/\/dahlstroms.nu\/wp-content\/uploads\/2012\/07\/KungalvsKommun.jpg 290w, https:\/\/dahlstroms.nu\/wp-content\/uploads\/2012\/07\/KungalvsKommun-390x242.jpg 390w\" sizes=\"(max-width: 290px) 100vw, 290px\" \/><\/a><\/figure><\/li><li class=\"blocks-gallery-item\"><figure><a href=\"http:\/\/dahlstroms.nu\/wp-content\/uploads\/2013\/07\/Kungsleden.jpg\"><img loading=\"lazy\" width=\"842\" height=\"595\" src=\"http:\/\/dahlstroms.nu\/wp-content\/uploads\/2013\/07\/Kungsleden.jpg\" alt=\"\" data-id=\"2348\" data-full-url=\"http:\/\/dahlstroms.nu\/wp-content\/uploads\/2013\/07\/Kungsleden.jpg\" data-link=\"http:\/\/dahlstroms.nu\/?attachment_id=2348\" class=\"wp-image-2348\" srcset=\"https:\/\/dahlstroms.nu\/wp-content\/uploads\/2013\/07\/Kungsleden.jpg 842w, https:\/\/dahlstroms.nu\/wp-content\/uploads\/2013\/07\/Kungsleden-300x212.jpg 300w\" sizes=\"(max-width: 842px) 100vw, 842px\" \/><\/a><\/figure><\/li><li class=\"blocks-gallery-item\"><figure><a href=\"http:\/\/dahlstroms.nu\/wp-content\/uploads\/2012\/07\/Higab.jpg\"><img loading=\"lazy\" width=\"290\" height=\"180\" src=\"http:\/\/dahlstroms.nu\/wp-content\/uploads\/2012\/07\/Higab.jpg\" alt=\"\" data-id=\"521\" data-full-url=\"http:\/\/dahlstroms.nu\/wp-content\/uploads\/2012\/07\/Higab.jpg\" data-link=\"http:\/\/dahlstroms.nu\/?attachment_id=521\" class=\"wp-image-521\" srcset=\"https:\/\/dahlstroms.nu\/wp-content\/uploads\/2012\/07\/Higab.jpg 290w, https:\/\/dahlstroms.nu\/wp-content\/uploads\/2012\/07\/Higab-390x242.jpg 390w\" sizes=\"(max-width: 290px) 100vw, 290px\" \/><\/a><\/figure><\/li><li class=\"blocks-gallery-item\"><figure><a href=\"http:\/\/dahlstroms.nu\/wp-content\/uploads\/2012\/07\/Newsec.jpg\"><img loading=\"lazy\" width=\"290\" height=\"180\" src=\"http:\/\/dahlstroms.nu\/wp-content\/uploads\/2012\/07\/Newsec.jpg\" alt=\"\" data-id=\"519\" data-full-url=\"http:\/\/dahlstroms.nu\/wp-content\/uploads\/2012\/07\/Newsec.jpg\" data-link=\"http:\/\/dahlstroms.nu\/?attachment_id=519\" class=\"wp-image-519\" srcset=\"https:\/\/dahlstroms.nu\/wp-content\/uploads\/2012\/07\/Newsec.jpg 290w, https:\/\/dahlstroms.nu\/wp-content\/uploads\/2012\/07\/Newsec-390x242.jpg 390w\" sizes=\"(max-width: 290px) 100vw, 290px\" \/><\/a><\/figure><\/li><li class=\"blocks-gallery-item\"><figure><a href=\"http:\/\/dahlstroms.nu\/wp-content\/uploads\/2012\/07\/Wallenstam.jpg\"><img loading=\"lazy\" width=\"290\" height=\"180\" src=\"http:\/\/dahlstroms.nu\/wp-content\/uploads\/2012\/07\/Wallenstam.jpg\" alt=\"\" data-id=\"518\" data-full-url=\"http:\/\/dahlstroms.nu\/wp-content\/uploads\/2012\/07\/Wallenstam.jpg\" data-link=\"http:\/\/dahlstroms.nu\/?attachment_id=518\" class=\"wp-image-518\" srcset=\"https:\/\/dahlstroms.nu\/wp-content\/uploads\/2012\/07\/Wallenstam.jpg 290w, https:\/\/dahlstroms.nu\/wp-content\/uploads\/2012\/07\/Wallenstam-390x242.jpg 390w\" sizes=\"(max-width: 290px) 100vw, 290px\" \/><\/a><\/figure><\/li><li class=\"blocks-gallery-item\"><figure><a href=\"http:\/\/dahlstroms.nu\/wp-content\/uploads\/2012\/08\/TuveBygg.jpg\"><img loading=\"lazy\" width=\"290\" height=\"180\" src=\"http:\/\/dahlstroms.nu\/wp-content\/uploads\/2012\/08\/TuveBygg.jpg\" alt=\"\" data-id=\"517\" data-full-url=\"http:\/\/dahlstroms.nu\/wp-content\/uploads\/2012\/08\/TuveBygg.jpg\" data-link=\"http:\/\/dahlstroms.nu\/?attachment_id=517\" class=\"wp-image-517\" srcset=\"https:\/\/dahlstroms.nu\/wp-content\/uploads\/2012\/08\/TuveBygg.jpg 290w, https:\/\/dahlstroms.nu\/wp-content\/uploads\/2012\/08\/TuveBygg-390x242.jpg 390w\" sizes=\"(max-width: 290px) 100vw, 290px\" \/><\/a><\/figure><\/li><li class=\"blocks-gallery-item\"><figure><a href=\"http:\/\/dahlstroms.nu\/wp-content\/uploads\/2012\/07\/Eriksbergs.jpg\"><img loading=\"lazy\" width=\"842\" height=\"595\" src=\"http:\/\/dahlstroms.nu\/wp-content\/uploads\/2012\/07\/Eriksbergs.jpg\" alt=\"\" data-id=\"2347\" data-full-url=\"http:\/\/dahlstroms.nu\/wp-content\/uploads\/2012\/07\/Eriksbergs.jpg\" data-link=\"http:\/\/dahlstroms.nu\/?attachment_id=2347\" class=\"wp-image-2347\" srcset=\"https:\/\/dahlstroms.nu\/wp-content\/uploads\/2012\/07\/Eriksbergs.jpg 842w, https:\/\/dahlstroms.nu\/wp-content\/uploads\/2012\/07\/Eriksbergs-300x212.jpg 300w\" sizes=\"(max-width: 842px) 100vw, 842px\" \/><\/a><\/figure><\/li><li class=\"blocks-gallery-item\"><figure><a href=\"http:\/\/dahlstroms.nu\/wp-content\/uploads\/2012\/07\/Riksbyggen.jpg\"><img loading=\"lazy\" width=\"290\" height=\"180\" src=\"http:\/\/dahlstroms.nu\/wp-content\/uploads\/2012\/07\/Riksbyggen.jpg\" alt=\"\" data-id=\"525\" data-full-url=\"http:\/\/dahlstroms.nu\/wp-content\/uploads\/2012\/07\/Riksbyggen.jpg\" data-link=\"http:\/\/dahlstroms.nu\/?attachment_id=525\" class=\"wp-image-525\" srcset=\"https:\/\/dahlstroms.nu\/wp-content\/uploads\/2012\/07\/Riksbyggen.jpg 290w, https:\/\/dahlstroms.nu\/wp-content\/uploads\/2012\/07\/Riksbyggen-390x242.jpg 390w\" sizes=\"(max-width: 290px) 100vw, 290px\" \/><\/a><\/figure><\/li><li class=\"blocks-gallery-item\"><figure><a href=\"http:\/\/dahlstroms.nu\/wp-content\/uploads\/2012\/07\/Vasakronan.jpg\"><img loading=\"lazy\" width=\"290\" height=\"180\" src=\"http:\/\/dahlstroms.nu\/wp-content\/uploads\/2012\/07\/Vasakronan.jpg\" alt=\"\" data-id=\"526\" data-full-url=\"http:\/\/dahlstroms.nu\/wp-content\/uploads\/2012\/07\/Vasakronan.jpg\" data-link=\"http:\/\/dahlstroms.nu\/?attachment_id=526\" class=\"wp-image-526\" srcset=\"https:\/\/dahlstroms.nu\/wp-content\/uploads\/2012\/07\/Vasakronan.jpg 290w, https:\/\/dahlstroms.nu\/wp-content\/uploads\/2012\/07\/Vasakronan-390x242.jpg 390w\" sizes=\"(max-width: 290px) 100vw, 290px\" \/><\/a><\/figure><\/li><li class=\"blocks-gallery-item\"><figure><a href=\"http:\/\/dahlstroms.nu\/wp-content\/uploads\/2012\/08\/JLL.jpg\"><img loading=\"lazy\" width=\"290\" height=\"180\" src=\"http:\/\/dahlstroms.nu\/wp-content\/uploads\/2012\/08\/JLL.jpg\" alt=\"\" data-id=\"575\" data-full-url=\"http:\/\/dahlstroms.nu\/wp-content\/uploads\/2012\/08\/JLL.jpg\" data-link=\"http:\/\/dahlstroms.nu\/?attachment_id=575\" class=\"wp-image-575\" srcset=\"https:\/\/dahlstroms.nu\/wp-content\/uploads\/2012\/08\/JLL.jpg 290w, https:\/\/dahlstroms.nu\/wp-content\/uploads\/2012\/08\/JLL-390x242.jpg 390w\" sizes=\"(max-width: 290px) 100vw, 290px\" \/><\/a><\/figure><\/li><li class=\"blocks-gallery-item\"><figure><a href=\"http:\/\/dahlstroms.nu\/wp-content\/uploads\/2012\/07\/ByggMax.jpg\"><img loading=\"lazy\" width=\"290\" height=\"180\" src=\"http:\/\/dahlstroms.nu\/wp-content\/uploads\/2012\/07\/ByggMax.jpg\" alt=\"\" data-id=\"524\" data-full-url=\"http:\/\/dahlstroms.nu\/wp-content\/uploads\/2012\/07\/ByggMax.jpg\" data-link=\"http:\/\/dahlstroms.nu\/?attachment_id=524\" class=\"wp-image-524\" srcset=\"https:\/\/dahlstroms.nu\/wp-content\/uploads\/2012\/07\/ByggMax.jpg 290w, https:\/\/dahlstroms.nu\/wp-content\/uploads\/2012\/07\/ByggMax-390x242.jpg 390w\" sizes=\"(max-width: 290px) 100vw, 290px\" \/><\/a><\/figure><\/li><li class=\"blocks-gallery-item\"><figure><a href=\"http:\/\/dahlstroms.nu\/wp-content\/uploads\/2012\/08\/ISS.jpg\"><img loading=\"lazy\" width=\"290\" height=\"180\" src=\"http:\/\/dahlstroms.nu\/wp-content\/uploads\/2012\/08\/ISS.jpg\" alt=\"\" data-id=\"515\" data-full-url=\"http:\/\/dahlstroms.nu\/wp-content\/uploads\/2012\/08\/ISS.jpg\" data-link=\"http:\/\/dahlstroms.nu\/?attachment_id=515\" class=\"wp-image-515\" srcset=\"https:\/\/dahlstroms.nu\/wp-content\/uploads\/2012\/08\/ISS.jpg 290w, https:\/\/dahlstroms.nu\/wp-content\/uploads\/2012\/08\/ISS-390x242.jpg 390w\" sizes=\"(max-width: 290px) 100vw, 290px\" \/><\/a><\/figure><\/li><li class=\"blocks-gallery-item\"><figure><a href=\"http:\/\/dahlstroms.nu\/wp-content\/uploads\/2012\/08\/Fo_Petersen.jpg\"><img loading=\"lazy\" width=\"290\" height=\"180\" src=\"http:\/\/dahlstroms.nu\/wp-content\/uploads\/2012\/08\/Fo_Petersen.jpg\" alt=\"\" data-id=\"504\" data-full-url=\"http:\/\/dahlstroms.nu\/wp-content\/uploads\/2012\/08\/Fo_Petersen.jpg\" data-link=\"http:\/\/dahlstroms.nu\/?attachment_id=504\" class=\"wp-image-504\" srcset=\"https:\/\/dahlstroms.nu\/wp-content\/uploads\/2012\/08\/Fo_Petersen.jpg 290w, https:\/\/dahlstroms.nu\/wp-content\/uploads\/2012\/08\/Fo_Petersen-390x242.jpg 390w\" sizes=\"(max-width: 290px) 100vw, 290px\" \/><\/a><\/figure><\/li><\/ul><\/figure>\n<\/div>\n<\/div>\n\n\n\n<div class=\"wp-block-columns alignfull is-style-default\">\n<div class=\"wp-block-column\" style=\"flex-basis:100%\">\n<p><\/p>\n<\/div>\n<\/div>\n\n\n\n<p><\/p>\n","protected":false},"excerpt":{"rendered":"","protected":false},"author":1,"featured_media":0,"parent":0,"menu_order":0,"comment_status":"closed","ping_status":"open","template":"","meta":[],"_links":{"self":[{"href":"https:\/\/dahlstroms.nu\/index.php?rest_route=\/wp\/v2\/pages\/210"}],"collection":[{"href":"https:\/\/dahlstroms.nu\/index.php?rest_route=\/wp\/v2\/pages"}],"about":[{"href":"https:\/\/dahlstroms.nu\/index.php?rest_route=\/wp\/v2\/types\/page"}],"author":[{"embeddable":true,"href":"https:\/\/dahlstroms.nu\/index.php?rest_route=\/wp\/v2\/users\/1"}],"replies":[{"embeddable":true,"href":"https:\/\/dahlstroms.nu\/index.php?rest_route=%2Fwp%2Fv2%2Fcomments&post=210"}],"version-history":[{"count":41,"href":"https:\/\/dahlstroms.nu\/index.php?rest_route=\/wp\/v2\/pages\/210\/revisions"}],"predecessor-version":[{"id":2842,"href":"https:\/\/dahlstroms.nu\/index.php?rest_route=\/wp\/v2\/pages\/210\/revisions\/2842"}],"wp:attachment":[{"href":"https:\/\/dahlstroms.nu\/index.php?rest_route=%2Fwp%2Fv2%2Fmedia&parent=210"}],"curies":[{"name":"wp","href":"https:\/\/api.w.org\/{rel}","templated":true}]}}