{"id":201,"date":"2012-07-04T14:45:39","date_gmt":"2012-07-04T14:45:39","guid":{"rendered":"http:\/\/dahlstrom.buster.se\/?page_id=201"},"modified":"2025-01-31T12:32:04","modified_gmt":"2025-01-31T11:32:04","slug":"jobba-hos-oss","status":"publish","type":"page","link":"https:\/\/dahlstroms.nu\/?page_id=201","title":{"rendered":"Jobba hos oss"},"content":{"rendered":"\n<div class=\"wp-block-columns\">\n<div class=\"wp-block-column\" style=\"flex-basis:100%\">\n<div class=\"wp-block-columns alignfull\">\n<div class=\"wp-block-column\" style=\"flex-basis:65%\">\n<h2>Vill du jobba p\u00e5 Dahlstr\u00f6ms?<\/h2>\n\n\n\n<p>\u00c4r du anl\u00e4ggare och intresserad av att arbeta hos oss p\u00e5 Dahlstr\u00f6ms? Vi tar g\u00e4rna emot spontanans\u00f6kningar via mail. Ber\u00e4tta om dig sj\u00e4lv och dina tidigare erfarenheten och skicka det till Sara, <a href=\"mailto:sara@dahlstroms.se\">sara@dahlstroms.se<\/a> s\u00e5 h\u00f6r vi av oss!<\/p>\n<\/div>\n\n\n\n<div class=\"wp-block-column\" style=\"flex-basis:40%\">\n<p><\/p>\n<\/div>\n<\/div>\n<\/div>\n<\/div>\n\n\n\n<figure class=\"wp-block-gallery columns-4 is-cropped\"><ul class=\"blocks-gallery-grid\"><li class=\"blocks-gallery-item\"><figure><a href=\"http:\/\/dahlstroms.nu\/wp-content\/uploads\/2019\/05\/IMG_9101.jpg\"><img loading=\"lazy\" width=\"1024\" height=\"683\" src=\"http:\/\/dahlstroms.nu\/wp-content\/uploads\/2019\/05\/IMG_9101-1024x683.jpg\" alt=\"\" data-id=\"2631\" data-full-url=\"http:\/\/dahlstroms.nu\/wp-content\/uploads\/2019\/05\/IMG_9101.jpg\" data-link=\"http:\/\/dahlstroms.nu\/?attachment_id=2631\" class=\"wp-image-2631\" srcset=\"https:\/\/dahlstroms.nu\/wp-content\/uploads\/2019\/05\/IMG_9101-1024x683.jpg 1024w, https:\/\/dahlstroms.nu\/wp-content\/uploads\/2019\/05\/IMG_9101-300x200.jpg 300w, https:\/\/dahlstroms.nu\/wp-content\/uploads\/2019\/05\/IMG_9101-768x512.jpg 768w\" sizes=\"(max-width: 1024px) 100vw, 1024px\" \/><\/a><\/figure><\/li><li class=\"blocks-gallery-item\"><figure><a href=\"http:\/\/dahlstroms.nu\/wp-content\/uploads\/2013\/09\/MG_3066.jpg\"><img loading=\"lazy\" width=\"1024\" height=\"474\" src=\"http:\/\/dahlstroms.nu\/wp-content\/uploads\/2013\/09\/MG_3066-1024x474.jpg\" alt=\"\" data-id=\"1959\" data-full-url=\"http:\/\/dahlstroms.nu\/wp-content\/uploads\/2013\/09\/MG_3066.jpg\" data-link=\"http:\/\/dahlstroms.nu\/?attachment_id=1959\" class=\"wp-image-1959\" srcset=\"https:\/\/dahlstroms.nu\/wp-content\/uploads\/2013\/09\/MG_3066-1024x474.jpg 1024w, https:\/\/dahlstroms.nu\/wp-content\/uploads\/2013\/09\/MG_3066-300x138.jpg 300w\" sizes=\"(max-width: 1024px) 100vw, 1024px\" \/><\/a><\/figure><\/li><li class=\"blocks-gallery-item\"><figure><a href=\"http:\/\/dahlstroms.nu\/wp-content\/uploads\/2014\/05\/MG_3919.jpg\"><img loading=\"lazy\" width=\"1024\" height=\"682\" src=\"http:\/\/dahlstroms.nu\/wp-content\/uploads\/2014\/05\/MG_3919-1024x682.jpg\" alt=\"\" data-id=\"2080\" data-full-url=\"http:\/\/dahlstroms.nu\/wp-content\/uploads\/2014\/05\/MG_3919.jpg\" data-link=\"http:\/\/dahlstroms.nu\/?attachment_id=2080\" class=\"wp-image-2080\" srcset=\"https:\/\/dahlstroms.nu\/wp-content\/uploads\/2014\/05\/MG_3919-1024x682.jpg 1024w, https:\/\/dahlstroms.nu\/wp-content\/uploads\/2014\/05\/MG_3919-300x200.jpg 300w\" sizes=\"(max-width: 1024px) 100vw, 1024px\" \/><\/a><\/figure><\/li><li class=\"blocks-gallery-item\"><figure><a href=\"http:\/\/dahlstroms.nu\/wp-content\/uploads\/2016\/11\/IMG_6061.jpg\"><img loading=\"lazy\" width=\"1024\" height=\"683\" src=\"http:\/\/dahlstroms.nu\/wp-content\/uploads\/2016\/11\/IMG_6061-1024x683.jpg\" alt=\"\" data-id=\"2398\" data-full-url=\"http:\/\/dahlstroms.nu\/wp-content\/uploads\/2016\/11\/IMG_6061.jpg\" data-link=\"http:\/\/dahlstroms.nu\/?attachment_id=2398\" class=\"wp-image-2398\" srcset=\"https:\/\/dahlstroms.nu\/wp-content\/uploads\/2016\/11\/IMG_6061-1024x683.jpg 1024w, https:\/\/dahlstroms.nu\/wp-content\/uploads\/2016\/11\/IMG_6061-300x200.jpg 300w\" sizes=\"(max-width: 1024px) 100vw, 1024px\" \/><\/a><\/figure><\/li><li class=\"blocks-gallery-item\"><figure><a href=\"http:\/\/dahlstroms.nu\/wp-content\/uploads\/2015\/11\/IMG_4086.jpg\"><img loading=\"lazy\" width=\"1024\" height=\"683\" src=\"http:\/\/dahlstroms.nu\/wp-content\/uploads\/2015\/11\/IMG_4086-1024x683.jpg\" alt=\"\" data-id=\"2330\" data-full-url=\"http:\/\/dahlstroms.nu\/wp-content\/uploads\/2015\/11\/IMG_4086.jpg\" data-link=\"http:\/\/dahlstroms.nu\/?attachment_id=2330\" class=\"wp-image-2330\" srcset=\"https:\/\/dahlstroms.nu\/wp-content\/uploads\/2015\/11\/IMG_4086-1024x683.jpg 1024w, https:\/\/dahlstroms.nu\/wp-content\/uploads\/2015\/11\/IMG_4086-300x200.jpg 300w\" sizes=\"(max-width: 1024px) 100vw, 1024px\" \/><\/a><\/figure><\/li><li class=\"blocks-gallery-item\"><figure><a href=\"http:\/\/dahlstroms.nu\/wp-content\/uploads\/2014\/04\/MG_3758.jpg\"><img loading=\"lazy\" width=\"1024\" height=\"509\" src=\"http:\/\/dahlstroms.nu\/wp-content\/uploads\/2014\/04\/MG_3758-1024x509.jpg\" alt=\"\" data-id=\"2006\" data-full-url=\"http:\/\/dahlstroms.nu\/wp-content\/uploads\/2014\/04\/MG_3758.jpg\" data-link=\"http:\/\/dahlstroms.nu\/?attachment_id=2006\" class=\"wp-image-2006\" srcset=\"https:\/\/dahlstroms.nu\/wp-content\/uploads\/2014\/04\/MG_3758-1024x509.jpg 1024w, https:\/\/dahlstroms.nu\/wp-content\/uploads\/2014\/04\/MG_3758-300x149.jpg 300w\" sizes=\"(max-width: 1024px) 100vw, 1024px\" \/><\/a><\/figure><\/li><li class=\"blocks-gallery-item\"><figure><a href=\"http:\/\/dahlstroms.nu\/wp-content\/uploads\/2014\/05\/image1-e1400849243735.jpeg\"><img loading=\"lazy\" width=\"1024\" height=\"619\" src=\"http:\/\/dahlstroms.nu\/wp-content\/uploads\/2014\/05\/image1-e1400849243735-1024x619.jpeg\" alt=\"\" data-id=\"2138\" data-full-url=\"http:\/\/dahlstroms.nu\/wp-content\/uploads\/2014\/05\/image1-e1400849243735.jpeg\" data-link=\"http:\/\/dahlstroms.nu\/?attachment_id=2138\" class=\"wp-image-2138\" srcset=\"https:\/\/dahlstroms.nu\/wp-content\/uploads\/2014\/05\/image1-e1400849243735-1024x619.jpeg 1024w, https:\/\/dahlstroms.nu\/wp-content\/uploads\/2014\/05\/image1-e1400849243735-300x181.jpeg 300w\" sizes=\"(max-width: 1024px) 100vw, 1024px\" \/><\/a><\/figure><\/li><li class=\"blocks-gallery-item\"><figure><a href=\"http:\/\/dahlstroms.nu\/wp-content\/uploads\/2013\/09\/MG_2560.jpg\"><img loading=\"lazy\" width=\"1024\" height=\"455\" src=\"http:\/\/dahlstroms.nu\/wp-content\/uploads\/2013\/09\/MG_2560-1024x455.jpg\" alt=\"\" data-id=\"1766\" data-full-url=\"http:\/\/dahlstroms.nu\/wp-content\/uploads\/2013\/09\/MG_2560.jpg\" data-link=\"http:\/\/dahlstroms.nu\/?attachment_id=1766\" class=\"wp-image-1766\" srcset=\"https:\/\/dahlstroms.nu\/wp-content\/uploads\/2013\/09\/MG_2560-1024x455.jpg 1024w, https:\/\/dahlstroms.nu\/wp-content\/uploads\/2013\/09\/MG_2560-300x133.jpg 300w\" sizes=\"(max-width: 1024px) 100vw, 1024px\" \/><\/a><\/figure><\/li><li class=\"blocks-gallery-item\"><figure><a href=\"http:\/\/dahlstroms.nu\/wp-content\/uploads\/2014\/05\/MG_3855.jpg\"><img loading=\"lazy\" width=\"1024\" height=\"682\" src=\"http:\/\/dahlstroms.nu\/wp-content\/uploads\/2014\/05\/MG_3855-1024x682.jpg\" alt=\"\" data-id=\"2081\" data-full-url=\"http:\/\/dahlstroms.nu\/wp-content\/uploads\/2014\/05\/MG_3855.jpg\" data-link=\"http:\/\/dahlstroms.nu\/?attachment_id=2081\" class=\"wp-image-2081\" srcset=\"https:\/\/dahlstroms.nu\/wp-content\/uploads\/2014\/05\/MG_3855-1024x682.jpg 1024w, https:\/\/dahlstroms.nu\/wp-content\/uploads\/2014\/05\/MG_3855-300x200.jpg 300w\" sizes=\"(max-width: 1024px) 100vw, 1024px\" \/><\/a><\/figure><\/li><li class=\"blocks-gallery-item\"><figure><a href=\"http:\/\/dahlstroms.nu\/wp-content\/uploads\/2012\/11\/dahlstroms_markentreprenader_skotsel4.jpg\"><img loading=\"lazy\" width=\"980\" height=\"380\" src=\"http:\/\/dahlstroms.nu\/wp-content\/uploads\/2012\/11\/dahlstroms_markentreprenader_skotsel4.jpg\" alt=\"\" data-id=\"1569\" data-full-url=\"http:\/\/dahlstroms.nu\/wp-content\/uploads\/2012\/11\/dahlstroms_markentreprenader_skotsel4.jpg\" data-link=\"http:\/\/dahlstroms.nu\/?attachment_id=1569\" class=\"wp-image-1569\" srcset=\"https:\/\/dahlstroms.nu\/wp-content\/uploads\/2012\/11\/dahlstroms_markentreprenader_skotsel4.jpg 980w, https:\/\/dahlstroms.nu\/wp-content\/uploads\/2012\/11\/dahlstroms_markentreprenader_skotsel4-300x116.jpg 300w\" sizes=\"(max-width: 980px) 100vw, 980px\" \/><\/a><\/figure><\/li><li class=\"blocks-gallery-item\"><figure><a href=\"http:\/\/dahlstroms.nu\/wp-content\/uploads\/2013\/09\/MG_2539.jpg\"><img loading=\"lazy\" width=\"1024\" height=\"464\" src=\"http:\/\/dahlstroms.nu\/wp-content\/uploads\/2013\/09\/MG_2539-1024x464.jpg\" alt=\"\" data-id=\"1930\" data-full-url=\"http:\/\/dahlstroms.nu\/wp-content\/uploads\/2013\/09\/MG_2539.jpg\" data-link=\"http:\/\/dahlstroms.nu\/?attachment_id=1930\" class=\"wp-image-1930\" srcset=\"https:\/\/dahlstroms.nu\/wp-content\/uploads\/2013\/09\/MG_2539-1024x464.jpg 1024w, https:\/\/dahlstroms.nu\/wp-content\/uploads\/2013\/09\/MG_2539-300x136.jpg 300w\" sizes=\"(max-width: 1024px) 100vw, 1024px\" \/><\/a><\/figure><\/li><li class=\"blocks-gallery-item\"><figure><a href=\"http:\/\/dahlstroms.nu\/wp-content\/uploads\/2012\/11\/dahlstroms_markentreprenader_anlaggning1.jpg\"><img loading=\"lazy\" width=\"980\" height=\"380\" src=\"http:\/\/dahlstroms.nu\/wp-content\/uploads\/2012\/11\/dahlstroms_markentreprenader_anlaggning1.jpg\" alt=\"\" data-id=\"1571\" data-full-url=\"http:\/\/dahlstroms.nu\/wp-content\/uploads\/2012\/11\/dahlstroms_markentreprenader_anlaggning1.jpg\" data-link=\"http:\/\/dahlstroms.nu\/?attachment_id=1571\" class=\"wp-image-1571\" srcset=\"https:\/\/dahlstroms.nu\/wp-content\/uploads\/2012\/11\/dahlstroms_markentreprenader_anlaggning1.jpg 980w, https:\/\/dahlstroms.nu\/wp-content\/uploads\/2012\/11\/dahlstroms_markentreprenader_anlaggning1-300x116.jpg 300w\" sizes=\"(max-width: 980px) 100vw, 980px\" \/><\/a><\/figure><\/li><\/ul><\/figure>\n\n\n\n<p><\/p>\n","protected":false},"excerpt":{"rendered":"","protected":false},"author":1,"featured_media":0,"parent":0,"menu_order":0,"comment_status":"closed","ping_status":"open","template":"","meta":[],"_links":{"self":[{"href":"https:\/\/dahlstroms.nu\/index.php?rest_route=\/wp\/v2\/pages\/201"}],"collection":[{"href":"https:\/\/dahlstroms.nu\/index.php?rest_route=\/wp\/v2\/pages"}],"about":[{"href":"https:\/\/dahlstroms.nu\/index.php?rest_route=\/wp\/v2\/types\/page"}],"author":[{"embeddable":true,"href":"https:\/\/dahlstroms.nu\/index.php?rest_route=\/wp\/v2\/users\/1"}],"replies":[{"embeddable":true,"href":"https:\/\/dahlstroms.nu\/index.php?rest_route=%2Fwp%2Fv2%2Fcomments&post=201"}],"version-history":[{"count":28,"href":"https:\/\/dahlstroms.nu\/index.php?rest_route=\/wp\/v2\/pages\/201\/revisions"}],"predecessor-version":[{"id":2840,"href":"https:\/\/dahlstroms.nu\/index.php?rest_route=\/wp\/v2\/pages\/201\/revisions\/2840"}],"wp:attachment":[{"href":"https:\/\/dahlstroms.nu\/index.php?rest_route=%2Fwp%2Fv2%2Fmedia&parent=201"}],"curies":[{"name":"wp","href":"https:\/\/api.w.org\/{rel}","templated":true}]}}