{"id":341,"date":"2012-08-30T15:10:43","date_gmt":"2012-08-30T15:10:43","guid":{"rendered":"http:\/\/dahlstrom.buster.se\/?page_id=341"},"modified":"2021-01-11T15:14:13","modified_gmt":"2021-01-11T14:14:13","slug":"miljoplicy","status":"publish","type":"page","link":"http:\/\/dahlstroms.nu\/?page_id=341","title":{"rendered":"Milj\u00f6policy"},"content":{"rendered":"\n<div class=\"wp-block-columns\">\n<div class=\"wp-block-column\" style=\"flex-basis:70%\">\n<div class=\"wp-block-group\"><div class=\"wp-block-group__inner-container\">\n<p>I v\u00e5r verksamhet transporterar vi mycket: oss sj\u00e4lva, material och maskiner. Vi anv\u00e4nder tunga maskiner i<br>anl\u00e4ggningsarbete och dagligen maskiner som sopmaskiner och gr\u00e4sklippare f\u00f6r att skapa en trivsam och s\u00e4ker<br>utemilj\u00f6. Samtidigt p\u00e5verkar vi milj\u00f6n negativt. Vi vill naturligtvis minimera de negativa effekterna p\u00e5 milj\u00f6n och<br>har d\u00e4rf\u00f6r formulerat en milj\u00f6policy som vi nu, som en del i v\u00e5rt kvalitetsarbete FR2000,<br>ska implementera i den dagliga verksamheten.<\/p>\n\n\n\n<p>Policyn syftar till att ge oss kunskap om hur vi kan arbeta milj\u00f6v\u00e4nligare och s\u00e4krare s\u00e5 att vi blir trov\u00e4rdiga och<br>verkligt delaktiga i arbetet f\u00f6r en b\u00e4ttre milj\u00f6 och en h\u00e5llbar utveckling i samh\u00e4llet.<\/p>\n\n\n\n<h5>Vi skall:<\/h5>\n\n\n\n<ul><li>F\u00f6lja till\u00e4mplig milj\u00f6lagstiftning och \u00f6vriga milj\u00f6krav som ber\u00f6r verksamheten.<\/li><li>Anv\u00e4nda oss av milj\u00f6m\u00e4rkta produkter.<\/li><li>Forts\u00e4tta och utveckla milj\u00f6arbetet genom milj\u00f6revisorer och st\u00e4ndiga milj\u00f6f\u00f6rb\u00e4ttringar<\/li><li>Vara med och p\u00e5verka, st\u00e4lla krav p\u00e5 och samarbeta med organisationer,\u00a0myndigheter och andra f\u00f6retag i milj\u00f6fr\u00e5gor.<\/li><li>St\u00e4lla krav p\u00e5 v\u00e5ra underleverant\u00f6rer och ta fram material som \u00e4r milj\u00f6v\u00e4nliga.<\/li><li>\u00d6ka medvetenheten och kunskapen hos v\u00e5ra anst\u00e4llda om kortsiktiga och l\u00e5ngsiktiga milj\u00f6effekter i v\u00e5r verksamhet och ge medarbetare m\u00f6jlighet att anv\u00e4nda denna kunskap till att minimera negativa effekter p\u00e5 milj\u00f6n.<\/li><\/ul>\n<\/div><\/div>\n<\/div>\n\n\n\n<div class=\"wp-block-column\" style=\"flex-basis:30%\"><\/div>\n<\/div>\n\n\n\n<p><\/p>\n","protected":false},"excerpt":{"rendered":"","protected":false},"author":1,"featured_media":0,"parent":0,"menu_order":0,"comment_status":"closed","ping_status":"open","template":"","meta":[],"_links":{"self":[{"href":"http:\/\/dahlstroms.nu\/index.php?rest_route=\/wp\/v2\/pages\/341"}],"collection":[{"href":"http:\/\/dahlstroms.nu\/index.php?rest_route=\/wp\/v2\/pages"}],"about":[{"href":"http:\/\/dahlstroms.nu\/index.php?rest_route=\/wp\/v2\/types\/page"}],"author":[{"embeddable":true,"href":"http:\/\/dahlstroms.nu\/index.php?rest_route=\/wp\/v2\/users\/1"}],"replies":[{"embeddable":true,"href":"http:\/\/dahlstroms.nu\/index.php?rest_route=%2Fwp%2Fv2%2Fcomments&post=341"}],"version-history":[{"count":60,"href":"http:\/\/dahlstroms.nu\/index.php?rest_route=\/wp\/v2\/pages\/341\/revisions"}],"predecessor-version":[{"id":2773,"href":"http:\/\/dahlstroms.nu\/index.php?rest_route=\/wp\/v2\/pages\/341\/revisions\/2773"}],"wp:attachment":[{"href":"http:\/\/dahlstroms.nu\/index.php?rest_route=%2Fwp%2Fv2%2Fmedia&parent=341"}],"curies":[{"name":"wp","href":"https:\/\/api.w.org\/{rel}","templated":true}]}}